{"id":1371,"date":"2022-04-12T15:11:50","date_gmt":"2022-04-12T13:11:50","guid":{"rendered":"http:\/\/festimalles.fr\/?page_id=1371"},"modified":"2024-05-28T16:25:58","modified_gmt":"2024-05-28T14:25:58","slug":"les-expositions-2024","status":"publish","type":"page","link":"https:\/\/festimalles.fr\/index.php\/les-expositions-2024\/","title":{"rendered":"Les expositions"},"content":{"rendered":"<p>Pour cette neuvi\u00e8me \u00e9dition, l\u2019illustration jeunesse est \u00e0 l\u2019honneur avec ces deux expositions \u00e0 d\u00e9couvrir durant le festival :<\/p>\n<p><strong><img loading=\"lazy\" decoding=\"async\" class=\" wp-image-2074 alignleft\" src=\"http:\/\/festimalles.fr\/wp-content\/uploads\/2024\/05\/L_OEIL_DU_MONDE_AFFICHE_WEB_MAJ-scaled-1-212x300.jpg\" alt=\"\" width=\"166\" height=\"235\" srcset=\"https:\/\/festimalles.fr\/wp-content\/uploads\/2024\/05\/L_OEIL_DU_MONDE_AFFICHE_WEB_MAJ-scaled-1-212x300.jpg 212w, https:\/\/festimalles.fr\/wp-content\/uploads\/2024\/05\/L_OEIL_DU_MONDE_AFFICHE_WEB_MAJ-scaled-1-724x1024.jpg 724w, https:\/\/festimalles.fr\/wp-content\/uploads\/2024\/05\/L_OEIL_DU_MONDE_AFFICHE_WEB_MAJ-scaled-1-768x1086.jpg 768w, https:\/\/festimalles.fr\/wp-content\/uploads\/2024\/05\/L_OEIL_DU_MONDE_AFFICHE_WEB_MAJ-scaled-1-1086x1536.jpg 1086w, https:\/\/festimalles.fr\/wp-content\/uploads\/2024\/05\/L_OEIL_DU_MONDE_AFFICHE_WEB_MAJ-scaled-1-1448x2048.jpg 1448w, https:\/\/festimalles.fr\/wp-content\/uploads\/2024\/05\/L_OEIL_DU_MONDE_AFFICHE_WEB_MAJ-scaled-1.jpg 1810w\" sizes=\"auto, (max-width: 166px) 100vw, 166px\" \/>\u00ab L\u2019OEIL DU MONDE \u00bb<\/strong> pr\u00e9sente le travail de douze maisons d\u2019\u00e9dition jeunesse venues de diff\u00e9rents pays : un voyage cosmopolite en cr\u00e9ation artistique pour la jeunesse.<br \/>\nPr\u00eat de la Biblioth\u00e8que d\u00e9partementale de Loire Atlantique<\/p>\n<p><a href=\"https:\/\/loeildumonde.fr\/\" target=\"_blank\" rel=\"noopener\">Site Oeil du monde<\/a><\/p>\n<p>&nbsp;<\/p>\n<p>&nbsp;<\/p>\n<p>&nbsp;<\/p>\n<p>&nbsp;<\/p>\n<p>&nbsp;<\/p>\n<p><strong><img loading=\"lazy\" decoding=\"async\" class=\" wp-image-2073 alignleft\" src=\"http:\/\/festimalles.fr\/wp-content\/uploads\/2024\/05\/MAISON-EN-CARTON-1-min-300x272.jpg\" alt=\"\" width=\"173\" height=\"157\" srcset=\"https:\/\/festimalles.fr\/wp-content\/uploads\/2024\/05\/MAISON-EN-CARTON-1-min-300x272.jpg 300w, https:\/\/festimalles.fr\/wp-content\/uploads\/2024\/05\/MAISON-EN-CARTON-1-min-1024x927.jpg 1024w, https:\/\/festimalles.fr\/wp-content\/uploads\/2024\/05\/MAISON-EN-CARTON-1-min-768x695.jpg 768w, https:\/\/festimalles.fr\/wp-content\/uploads\/2024\/05\/MAISON-EN-CARTON-1-min-1536x1390.jpg 1536w, https:\/\/festimalles.fr\/wp-content\/uploads\/2024\/05\/MAISON-EN-CARTON-1-min-2048x1854.jpg 2048w\" sizes=\"auto, (max-width: 173px) 100vw, 173px\" \/>\u00ab ILLUSTRATION JEUNESSE \u00bb<\/strong>, des \u00e9ditions La Maison est en carton, propose un panorama d\u2019illustrateurs de la litt\u00e9rature jeunesse qui se d\u00e9marquent par leur cr\u00e9ativit\u00e9 et leur originalit\u00e9.<br \/>\nPr\u00eat du Bibliop\u00f4le Maine-et-Loire<strong><br \/>\n<\/strong><\/p>\n<p><a href=\"https:\/\/www.lamaisonestencarton.com\/\" target=\"_blank\" rel=\"noopener\">Site la Maison est en carton<\/a><\/p>\n","protected":false},"excerpt":{"rendered":"<p>Pour cette neuvi\u00e8me \u00e9dition, l\u2019illustration jeunesse est \u00e0 l\u2019honneur avec ces deux expositions \u00e0 d\u00e9couvrir durant le festival : \u00ab L\u2019OEIL DU MONDE \u00bb pr\u00e9sente le travail de douze maisons d\u2019\u00e9dition jeunesse venues de diff\u00e9rents pays : un voyage cosmopolite en cr\u00e9ation artistique pour la jeunesse. Pr\u00eat de la Biblioth\u00e8que d\u00e9partementale de Loire Atlantique Site&hellip;<\/p>\n","protected":false},"author":1,"featured_media":0,"parent":0,"menu_order":0,"comment_status":"closed","ping_status":"closed","template":"","meta":{"ngg_post_thumbnail":0,"footnotes":""},"class_list":["post-1371","page","type-page","status-publish","hentry"],"_links":{"self":[{"href":"https:\/\/festimalles.fr\/index.php\/wp-json\/wp\/v2\/pages\/1371","targetHints":{"allow":["GET"]}}],"collection":[{"href":"https:\/\/festimalles.fr\/index.php\/wp-json\/wp\/v2\/pages"}],"about":[{"href":"https:\/\/festimalles.fr\/index.php\/wp-json\/wp\/v2\/types\/page"}],"author":[{"embeddable":true,"href":"https:\/\/festimalles.fr\/index.php\/wp-json\/wp\/v2\/users\/1"}],"replies":[{"embeddable":true,"href":"https:\/\/festimalles.fr\/index.php\/wp-json\/wp\/v2\/comments?post=1371"}],"version-history":[{"count":29,"href":"https:\/\/festimalles.fr\/index.php\/wp-json\/wp\/v2\/pages\/1371\/revisions"}],"predecessor-version":[{"id":2076,"href":"https:\/\/festimalles.fr\/index.php\/wp-json\/wp\/v2\/pages\/1371\/revisions\/2076"}],"wp:attachment":[{"href":"https:\/\/festimalles.fr\/index.php\/wp-json\/wp\/v2\/media?parent=1371"}],"curies":[{"name":"wp","href":"https:\/\/api.w.org\/{rel}","templated":true}]}}