{"id":1393,"date":"2022-04-12T15:41:03","date_gmt":"2022-04-12T13:41:03","guid":{"rendered":"http:\/\/festimalles.fr\/?page_id=1393"},"modified":"2024-06-24T09:53:00","modified_gmt":"2024-06-24T07:53:00","slug":"ateliers-jeudi-2022","status":"publish","type":"page","link":"https:\/\/festimalles.fr\/index.php\/ateliers-jeudi-2022\/","title":{"rendered":"Ateliers de formation adultes"},"content":{"rendered":"<h4><strong>Jeudi 13 octobre 2024 &#8211; 9h30 \u00e0 12h<\/strong><\/h4>\n<p>Ateliers \u00e0 destination des professionnels et b\u00e9n\u00e9voles.<\/p>\n<hr>\n<p><strong><img loading=\"lazy\" decoding=\"async\" class=\" wp-image-1994 alignleft\" src=\"http:\/\/festimalles.fr\/wp-content\/uploads\/2024\/05\/Aline-de-Petigny-243x300.jpg\" alt=\"\" width=\"142\" height=\"176\" srcset=\"https:\/\/festimalles.fr\/wp-content\/uploads\/2024\/05\/Aline-de-Petigny-243x300.jpg 243w, https:\/\/festimalles.fr\/wp-content\/uploads\/2024\/05\/Aline-de-Petigny-830x1024.jpg 830w, https:\/\/festimalles.fr\/wp-content\/uploads\/2024\/05\/Aline-de-Petigny-768x947.jpg 768w, https:\/\/festimalles.fr\/wp-content\/uploads\/2024\/05\/Aline-de-Petigny-1245x1536.jpg 1245w, https:\/\/festimalles.fr\/wp-content\/uploads\/2024\/05\/Aline-de-Petigny.jpg 1294w\" sizes=\"auto, (max-width: 142px) 100vw, 142px\" \/>La place des maisons d\u2019\u00e9ditions ind\u00e9pendantes en biblioth\u00e8que par Aline de P\u00e9tigny<\/strong><br \/>\nPour prendre conscience de la richesse \u00e9ditoriale fran\u00e7aise dont on ne conna\u00eet qu\u2019environ 5% des maisons d\u2019\u00e9dition.<br \/>\nQue mettre en place pour mieux conna\u00eetre et faire d\u00e9couvrir au public cette richesse, cette biodiversit\u00e9 invisibilis\u00e9e ? Les maisons d\u2019\u00e9dition ind\u00e9pendantes sont reconnues pour \u00eatre innovantes, courageuses. Les rendre visibles commencent par prendre conscience de leur existence et de leur difficult\u00e9s \u00e0 se faire conna\u00eetre.<\/p>\n<p><a href=\"https:\/\/www.pourpenser.fr\/artistes\/aline-de-petigny\/\" target=\"_blank\" rel=\"noopener\">En savoir +<\/a><\/p>\n<p>&nbsp;<\/p>\n<hr>\n<p align=\"left\"><strong><img loading=\"lazy\" decoding=\"async\" class=\" wp-image-1956 alignleft\" src=\"http:\/\/festimalles.fr\/wp-content\/uploads\/2024\/03\/ATELIER-siteatelier-echellejacob-300x300.jpg\" alt=\"\" width=\"192\" height=\"192\" srcset=\"https:\/\/festimalles.fr\/wp-content\/uploads\/2024\/03\/ATELIER-siteatelier-echellejacob-300x300.jpg 300w, https:\/\/festimalles.fr\/wp-content\/uploads\/2024\/03\/ATELIER-siteatelier-echellejacob-150x150.jpg 150w, https:\/\/festimalles.fr\/wp-content\/uploads\/2024\/03\/ATELIER-siteatelier-echellejacob.jpg 550w\" sizes=\"auto, (max-width: 192px) 100vw, 192px\" \/> Livres mobiles, une autre fa\u00e7on de tourner les pages ! par Am\u00e9lie Doussot<br \/>\n<\/strong>Explorer des petites formes simples de livre qui mettent les pages en mouvement, avec Am\u00e9lie Doussot, artiste et relieuse. Apprendre \u00e0 r\u00e9aliser un livre en \u00e9chelle de Jacob et \u00e0 l\u2019adapter \u00e0 son projet. D\u00e9couvrir des outils simples pour le faire r\u00e9aliser facilement. Pendant cet atelier d\u2019autres structures seront abord\u00e9es et ainsi que des conseils techniques pour adapter l\u2019atelier au public.<\/p>\n<p align=\"left\"><a href=\"https:\/\/ameliedoussot.wixsite.com\/atelier\" target=\"_blank\" rel=\"noopener\">En savoir +<\/a><\/p>\n<p><span style=\"color: #ff6600;\">COMPLET<\/span><\/p>\n<hr>\n<p align=\"left\"><strong><img loading=\"lazy\" decoding=\"async\" class=\" wp-image-1968 alignleft\" src=\"http:\/\/festimalles.fr\/wp-content\/uploads\/2024\/03\/Atelier_ecriture-chanson-min-300x225.jpg\" alt=\"\" width=\"223\" height=\"167\" srcset=\"https:\/\/festimalles.fr\/wp-content\/uploads\/2024\/03\/Atelier_ecriture-chanson-min-300x225.jpg 300w, https:\/\/festimalles.fr\/wp-content\/uploads\/2024\/03\/Atelier_ecriture-chanson-min-1024x768.jpg 1024w, https:\/\/festimalles.fr\/wp-content\/uploads\/2024\/03\/Atelier_ecriture-chanson-min-768x576.jpg 768w, https:\/\/festimalles.fr\/wp-content\/uploads\/2024\/03\/Atelier_ecriture-chanson-min-1536x1152.jpg 1536w, https:\/\/festimalles.fr\/wp-content\/uploads\/2024\/03\/Atelier_ecriture-chanson-min-2048x1536.jpg 2048w, https:\/\/festimalles.fr\/wp-content\/uploads\/2024\/03\/Atelier_ecriture-chanson-min-120x90.jpg 120w\" sizes=\"auto, (max-width: 223px) 100vw, 223px\" \/>Atelier d\u2019\u00e9criture de chansons par Corentin Rotureau<br \/>\n<\/strong>L\u2019acte d\u2019\u00e9crire nous renvoie \u00e0 une introspection qui est personnelle. Dans un format court, la chanson permet de raconter une histoire, une \u00e9motion, un sentiment et peut aussi affirmer une position, un id\u00e9al. Elle propose aussi des styles diff\u00e9rents, de la chanson \u00e0 textes, chant\u00e9e, parl\u00e9e, sonore, chacun trouvera son moyen d\u2019expression.<\/p>\n<p align=\"left\"><a href=\"https:\/\/www.corentin-musique.fr\/a-propos\" target=\"_blank\" rel=\"noopener\">En savoir +<\/a><\/p>\n<p align=\"left\">&nbsp;<\/p>\n<hr>\n<p align=\"left\"><strong><img loading=\"lazy\" decoding=\"async\" class=\"size-medium wp-image-1964 alignleft\" src=\"http:\/\/festimalles.fr\/wp-content\/uploads\/2024\/03\/flip-book-min-225x300.jpg\" alt=\"\" width=\"225\" height=\"300\" srcset=\"https:\/\/festimalles.fr\/wp-content\/uploads\/2024\/03\/flip-book-min-225x300.jpg 225w, https:\/\/festimalles.fr\/wp-content\/uploads\/2024\/03\/flip-book-min-768x1024.jpg 768w, https:\/\/festimalles.fr\/wp-content\/uploads\/2024\/03\/flip-book-min-1152x1536.jpg 1152w, https:\/\/festimalles.fr\/wp-content\/uploads\/2024\/03\/flip-book-min-1536x2048.jpg 1536w, https:\/\/festimalles.fr\/wp-content\/uploads\/2024\/03\/flip-book-min-scaled.jpg 1920w\" sizes=\"auto, (max-width: 225px) 100vw, 225px\" \/>Flip Book par Kelig Hayel<\/strong><br \/>\nLe FLIP BOOK est un petit carnet agraf\u00e9 que l&rsquo;on tient d&rsquo;une main et qui s&rsquo;effeuille de l&rsquo;autre avec le pouce. Les images qu&rsquo;il contient donnent l&rsquo;illusion d&rsquo;\u00eatre ainsi anim\u00e9es plus ou moins rapidement selon la vitesse \u00e0 laquelle on le manipule. Kelig Hayel propose de r\u00e9aliser en 40 feuillets l&rsquo;\u00e9criture d&rsquo;une forme ou d&rsquo;un mot \u00e0 partir d&rsquo;un trait de crayon, un pochoir, un tampon ou de r\u00e8gles pochoirs alphabets.<\/p>\n<p align=\"left\"><a href=\"https:\/\/kelig-hayel.blogspot.com\/\" target=\"_blank\" rel=\"noopener\">En savoir +<\/a><\/p>\n<p align=\"left\">&nbsp;<\/p>\n<p align=\"left\">&nbsp;<\/p>\n<p align=\"left\">&nbsp;<\/p>\n<p align=\"left\">&nbsp;<\/p>\n<hr>\n<p align=\"left\"><strong><img loading=\"lazy\" decoding=\"async\" class=\" wp-image-1958 alignleft\" src=\"http:\/\/festimalles.fr\/wp-content\/uploads\/2024\/03\/N55A3226-min-300x200.jpg\" alt=\"\" width=\"272\" height=\"181\" srcset=\"https:\/\/festimalles.fr\/wp-content\/uploads\/2024\/03\/N55A3226-min-300x200.jpg 300w, https:\/\/festimalles.fr\/wp-content\/uploads\/2024\/03\/N55A3226-min-1024x683.jpg 1024w, https:\/\/festimalles.fr\/wp-content\/uploads\/2024\/03\/N55A3226-min-768x512.jpg 768w, https:\/\/festimalles.fr\/wp-content\/uploads\/2024\/03\/N55A3226-min-1536x1024.jpg 1536w, https:\/\/festimalles.fr\/wp-content\/uploads\/2024\/03\/N55A3226-min-2048x1365.jpg 2048w\" sizes=\"auto, (max-width: 272px) 100vw, 272px\" \/>Stylo, flow et audio par S\u00e9bastien Delaunay<br \/>\n<\/strong>Atelier d\u2019\u00e9criture autour du slam-po\u00e9sie-rap. L\u2019objectif est de cr\u00e9er des textes de 6 \u00e0 8 pieds sur 4 \u00e0 16 phrases, ce qu\u2019on appelle un 16 en rap, autour d\u2019une th\u00e9matique choisie. Sensibilisation \u00e0 la Musique Assist\u00e9e par Ordinateur avec l\u2019utilisation du logiciel professionnel \u00ab&nbsp;Ableton&nbsp;\u00bb. Utilisation des contr\u00f4leurs (claviers, boite \u00e0 rythme) pour composer et piloter le logiciel.<br \/>\nEnregistrement des voix sur le texte \u00e9crit et sur la musique compos\u00e9e ensemble, via un studio mobile. L<span lang=\"fr-FR\">a finalit\u00e9 du projet<\/span> est d<span lang=\"fr-FR\">e cr\u00e9er une chanson ensemble<\/span> de A \u00e0 Z.<\/p>\n<p align=\"left\"><a href=\"https:\/\/www.kontrat-dixion.net\/\" target=\"_blank\" rel=\"noopener\">En savoir +<\/a><\/p>\n<hr>\n<p align=\"left\"><strong><img loading=\"lazy\" decoding=\"async\" class=\" wp-image-1955 alignleft\" src=\"http:\/\/festimalles.fr\/wp-content\/uploads\/2024\/03\/visuelmashup2-300x182.jpg\" alt=\"\" width=\"260\" height=\"158\" srcset=\"https:\/\/festimalles.fr\/wp-content\/uploads\/2024\/03\/visuelmashup2-300x182.jpg 300w, https:\/\/festimalles.fr\/wp-content\/uploads\/2024\/03\/visuelmashup2-1024x622.jpg 1024w, https:\/\/festimalles.fr\/wp-content\/uploads\/2024\/03\/visuelmashup2-768x467.jpg 768w, https:\/\/festimalles.fr\/wp-content\/uploads\/2024\/03\/visuelmashup2-1536x933.jpg 1536w, https:\/\/festimalles.fr\/wp-content\/uploads\/2024\/03\/visuelmashup2-2048x1244.jpg 2048w\" sizes=\"auto, (max-width: 260px) 100vw, 260px\" \/>Atelier cin\u00e9ma MashUp par H\u00e9l\u00e8ne Chabiron<br \/>\n<\/strong>La table MashUp est un outil vid\u00e9o intuitif, ludique et collaboratif qui permet de s\u2019initier simplement au montage vid\u00e9o et facilite la cr\u00e9ativit\u00e9. Avec cette table de montage, vous pouvez cr\u00e9er un ou plusieurs petits courts-m\u00e9trages en mixant des images, des sons et m\u00eame d\u2019enregistrer des doublages de voix&nbsp;! Le tout gr\u00e2ce \u00e0 des cartes et un micro. Toutes ces op\u00e9rations sont imm\u00e9diates et le film obtenu est restituable dans l&rsquo;instant.<\/p>\n<p align=\"left\"><a href=\"https:\/\/passeursdimages.premiersplans.org\" target=\"_blank\" rel=\"noopener\">En savoir +<\/a><\/p>\n<hr>\n<p align=\"left\"><strong><img loading=\"lazy\" decoding=\"async\" class=\" wp-image-1995 alignleft\" src=\"http:\/\/festimalles.fr\/wp-content\/uploads\/2024\/05\/ecriture-de-terrain-CRV-300x225.jpg\" alt=\"\" width=\"211\" height=\"158\" srcset=\"https:\/\/festimalles.fr\/wp-content\/uploads\/2024\/05\/ecriture-de-terrain-CRV-300x225.jpg 300w, https:\/\/festimalles.fr\/wp-content\/uploads\/2024\/05\/ecriture-de-terrain-CRV-1024x768.jpg 1024w, https:\/\/festimalles.fr\/wp-content\/uploads\/2024\/05\/ecriture-de-terrain-CRV-768x576.jpg 768w, https:\/\/festimalles.fr\/wp-content\/uploads\/2024\/05\/ecriture-de-terrain-CRV-1536x1152.jpg 1536w, https:\/\/festimalles.fr\/wp-content\/uploads\/2024\/05\/ecriture-de-terrain-CRV-120x90.jpg 120w, https:\/\/festimalles.fr\/wp-content\/uploads\/2024\/05\/ecriture-de-terrain-CRV.jpg 1703w\" sizes=\"auto, (max-width: 211px) 100vw, 211px\" \/>L\u2019\u00e9criture de terrain (ou comment \u00e9crire facilement la vie devant soi) par le Centre de Ressources Ville de Nantes &#8211; Herv\u00e9 Mo\u00eblo<br \/>\n<\/strong>L&rsquo;\u00e9criture de terrain nous invite \u00e0 observer, regarder, collecter, \u00e9couter, noter, griffonner, dessiner. Puis, par toutes sortes d&rsquo;\u00e9critures, \u00e0 d\u00e9velopper les sensations et les id\u00e9es qui auront \u00e9t\u00e9 touch\u00e9es. Ce chantier v\u00e9cu nous laissera le temps de r\u00e9fl\u00e9chir aux mani\u00e8res dont l&rsquo;\u00e9criture de plein air, permet une audience large et un passage \u00e0 l&rsquo;acte d&rsquo;\u00e9crire vif et simple.<\/p>\n<p align=\"left\"><a href=\"https:\/\/projets-education.nantes.fr\/le-crv\" target=\"_blank\" rel=\"noopener\">En savoir +<\/a><\/p>\n<hr>\n<p align=\"left\"><strong><img loading=\"lazy\" decoding=\"async\" class=\"size-medium wp-image-1997 alignleft\" src=\"http:\/\/festimalles.fr\/wp-content\/uploads\/2024\/05\/Baptiste_Cogitore\u00a9Elisabeth_ROGER-12-min-200x300.jpg\" alt=\"\" width=\"200\" height=\"300\" srcset=\"https:\/\/festimalles.fr\/wp-content\/uploads\/2024\/05\/Baptiste_Cogitore\u00a9Elisabeth_ROGER-12-min-200x300.jpg 200w, https:\/\/festimalles.fr\/wp-content\/uploads\/2024\/05\/Baptiste_Cogitore\u00a9Elisabeth_ROGER-12-min-683x1024.jpg 683w, https:\/\/festimalles.fr\/wp-content\/uploads\/2024\/05\/Baptiste_Cogitore\u00a9Elisabeth_ROGER-12-min-768x1152.jpg 768w, https:\/\/festimalles.fr\/wp-content\/uploads\/2024\/05\/Baptiste_Cogitore\u00a9Elisabeth_ROGER-12-min-1024x1536.jpg 1024w, https:\/\/festimalles.fr\/wp-content\/uploads\/2024\/05\/Baptiste_Cogitore\u00a9Elisabeth_ROGER-12-min-1365x2048.jpg 1365w, https:\/\/festimalles.fr\/wp-content\/uploads\/2024\/05\/Baptiste_Cogitore\u00a9Elisabeth_ROGER-12-min-scaled.jpg 1707w\" sizes=\"auto, (max-width: 200px) 100vw, 200px\" \/>Atelier d\u2019\u00e9criture documentaire par Baptiste Cogitore<br \/>\n<\/strong>En partant des livres de Baptiste Cogitore, nous explorerons plusieurs aspects de l\u2019\u00e9criture documentaire. Puis, \u00e0 partir de documents in\u00e9dits issus de recherches en archives pour l\u2019\u00e9criture de <em>La rivi\u00e8re &amp; l\u2019\u00e9tincelle<\/em>, les personnes participant \u00e0 cet atelier seront invit\u00e9es \u00e0 s\u2019approprier une mati\u00e8re documentaire pour cr\u00e9er leurs propres textes. Cet atelier vise \u00e0 explorer l\u2019\u00e9tendue des possibles de l\u2019\u00e9criture documentaire.<\/p>\n<p align=\"left\"><a href=\"https:\/\/rodeodame.fr\/\" target=\"_blank\" rel=\"noopener\">En savoir +<\/a><\/p>\n<p align=\"left\"><span style=\"color: #ff6600;\">COMPLET<\/span><\/p>\n<p align=\"left\">&nbsp;<\/p>\n<p align=\"left\">&nbsp;<\/p>\n<p align=\"left\">&nbsp;<\/p>\n<hr>\n<p align=\"left\"><strong><img loading=\"lazy\" decoding=\"async\" class=\" wp-image-1998 alignleft\" src=\"http:\/\/festimalles.fr\/wp-content\/uploads\/2024\/05\/olivia-le-divelec-300x184.jpeg\" alt=\"\" width=\"223\" height=\"137\" srcset=\"https:\/\/festimalles.fr\/wp-content\/uploads\/2024\/05\/olivia-le-divelec-300x184.jpeg 300w, https:\/\/festimalles.fr\/wp-content\/uploads\/2024\/05\/olivia-le-divelec-1024x629.jpeg 1024w, https:\/\/festimalles.fr\/wp-content\/uploads\/2024\/05\/olivia-le-divelec-768x472.jpeg 768w, https:\/\/festimalles.fr\/wp-content\/uploads\/2024\/05\/olivia-le-divelec-1536x944.jpeg 1536w, https:\/\/festimalles.fr\/wp-content\/uploads\/2024\/05\/olivia-le-divelec.jpeg 1981w\" sizes=\"auto, (max-width: 223px) 100vw, 223px\" \/>Raconter en langue des signes par 10 doigts compagnie &#8211; Olivia Le divelec<br \/>\n<\/strong>Olivia com\u00e9dienne bilingue en fran\u00e7ais et en langue des signes, propose cet atelier de r\u00e9cit en langue des signes \u00e0 travers un temps de d\u00e9couverte de signes \u00ab utiles \u00bb aux histoires, et l\u2019appropriation commune d\u2019un album. Puis chacun-e racontera un album pour tout-petit guid\u00e9 par Olivia. La demi-journ\u00e9e se terminera autour d\u2019un ou deux chansigne-s pour collectif.<\/p>\n<p align=\"left\"><a href=\"https:\/\/www.10doigtscompagnie.com\/\" target=\"_blank\" rel=\"noopener\">En savoir +<\/a><\/p>\n<p align=\"left\"><span style=\"color: #ff6600;\">COMPLET<\/span><\/p>\n<hr>\n<p align=\"left\"><strong><img loading=\"lazy\" decoding=\"async\" class=\" wp-image-1959 alignleft\" src=\"http:\/\/festimalles.fr\/wp-content\/uploads\/2024\/03\/thumbnail_Laurent-Carudel-3-\u00a9-Paul-Pascal-300dpi-257x300.jpg\" alt=\"\" width=\"221\" height=\"258\" srcset=\"https:\/\/festimalles.fr\/wp-content\/uploads\/2024\/03\/thumbnail_Laurent-Carudel-3-\u00a9-Paul-Pascal-300dpi-257x300.jpg 257w, https:\/\/festimalles.fr\/wp-content\/uploads\/2024\/03\/thumbnail_Laurent-Carudel-3-\u00a9-Paul-Pascal-300dpi-877x1024.jpg 877w, https:\/\/festimalles.fr\/wp-content\/uploads\/2024\/03\/thumbnail_Laurent-Carudel-3-\u00a9-Paul-Pascal-300dpi-768x897.jpg 768w, https:\/\/festimalles.fr\/wp-content\/uploads\/2024\/03\/thumbnail_Laurent-Carudel-3-\u00a9-Paul-Pascal-300dpi-1315x1536.jpg 1315w, https:\/\/festimalles.fr\/wp-content\/uploads\/2024\/03\/thumbnail_Laurent-Carudel-3-\u00a9-Paul-Pascal-300dpi-1753x2048.jpg 1753w, https:\/\/festimalles.fr\/wp-content\/uploads\/2024\/03\/thumbnail_Laurent-Carudel-3-\u00a9-Paul-Pascal-300dpi.jpg 1920w\" sizes=\"auto, (max-width: 221px) 100vw, 221px\" \/>Rendez-vous en terrain connu par Laurent Carudel<\/strong><br \/>\nPour raconter des histoires, nous poss\u00e9dons un outil extr\u00eamement puissant : la m\u00e9moire. Elle est \u00e0 la fois visuelle et sensorielle, rassurante et sensible\u2026 alors, pourquoi s\u2019en priver !<br \/>\nSeulement 35% de la compr\u00e9hension d\u2019un r\u00e9cit oral vient du sens des mots ! Le reste est un m\u00e9lange subtil d\u2019intonations, de regards, de mani\u00e8res d\u2019\u00eatre\u2026 Gr\u00e2ce \u00e0 notre v\u00e9cu, nous avons toutes les ressources pour que notre parole cont\u00e9e se rapproche de l\u2019\u00e9paisseur d\u2019un v\u00e9ritable souvenir.<\/p>\n<p align=\"left\"><a href=\"http:\/\/www.laurent-carudel.fr\/\" target=\"_blank\" rel=\"noopener\">En savoir +<\/a><\/p>\n<p align=\"left\">&nbsp;<\/p>\n<p align=\"left\">&nbsp;<\/p>\n<hr>\n<p align=\"left\"><strong><img loading=\"lazy\" decoding=\"async\" class=\" wp-image-1999 alignleft\" src=\"http:\/\/festimalles.fr\/wp-content\/uploads\/2024\/05\/willy-mancel-300x225.jpg\" alt=\"\" width=\"219\" height=\"165\" srcset=\"https:\/\/festimalles.fr\/wp-content\/uploads\/2024\/05\/willy-mancel-300x225.jpg 300w, https:\/\/festimalles.fr\/wp-content\/uploads\/2024\/05\/willy-mancel-120x90.jpg 120w, https:\/\/festimalles.fr\/wp-content\/uploads\/2024\/05\/willy-mancel.jpg 720w\" sizes=\"auto, (max-width: 219px) 100vw, 219px\" \/>Lire c\u2019est bouger par la Cie A main lev\u00e9e &#8211; Willy Mancel<br \/>\n<\/strong>Qu\u2019il soit int\u00e9rieur ou plus visible, que ce soit celui des pages qu\u2019on tourne ou celui du livre qu\u2019on manipule, que ce soit celui du lecteur, de la lectrice ou de l\u2019auditeur\u00b7rice, il y a bien un mouvement dans la lecture.<br \/>\nManipulateur d\u2019objets, de marionnettes et com\u00e9diens depuis une vingtaine d\u2019ann\u00e9es, Willy Mancel vous propose un temps de jeu et d\u2019\u00e9change autour des livres. Nous allons ensemble nous entra\u00eener \u00e0 les faire bouger, \u00e0 en montrer ou non les images et essaierons de favoriser le mouvement int\u00e9rieur de notre auditoire, car c\u2019est bien lui en fin de compte que nous aimerions le plus riche possible.<\/p>\n<p align=\"left\"><a href=\"http:\/\/www.amainlevee.fr\" target=\"_blank\" rel=\"noopener\">En savoir +<\/a><\/p>\n<p align=\"left\"><span style=\"color: #ff6600;\">COMPLET<\/span><\/p>\n","protected":false},"excerpt":{"rendered":"<p>Jeudi 13 octobre 2024 &#8211; 9h30 \u00e0 12h Ateliers \u00e0 destination des professionnels et b\u00e9n\u00e9voles. La place des maisons d\u2019\u00e9ditions ind\u00e9pendantes en biblioth\u00e8que par Aline de P\u00e9tigny Pour prendre conscience de la richesse \u00e9ditoriale fran\u00e7aise dont on ne conna\u00eet qu\u2019environ 5% des maisons d\u2019\u00e9dition. Que mettre en place pour mieux conna\u00eetre et faire d\u00e9couvrir au&hellip;<\/p>\n","protected":false},"author":1,"featured_media":0,"parent":0,"menu_order":0,"comment_status":"closed","ping_status":"closed","template":"","meta":{"ngg_post_thumbnail":0,"footnotes":""},"class_list":["post-1393","page","type-page","status-publish","hentry"],"_links":{"self":[{"href":"https:\/\/festimalles.fr\/index.php\/wp-json\/wp\/v2\/pages\/1393","targetHints":{"allow":["GET"]}}],"collection":[{"href":"https:\/\/festimalles.fr\/index.php\/wp-json\/wp\/v2\/pages"}],"about":[{"href":"https:\/\/festimalles.fr\/index.php\/wp-json\/wp\/v2\/types\/page"}],"author":[{"embeddable":true,"href":"https:\/\/festimalles.fr\/index.php\/wp-json\/wp\/v2\/users\/1"}],"replies":[{"embeddable":true,"href":"https:\/\/festimalles.fr\/index.php\/wp-json\/wp\/v2\/comments?post=1393"}],"version-history":[{"count":26,"href":"https:\/\/festimalles.fr\/index.php\/wp-json\/wp\/v2\/pages\/1393\/revisions"}],"predecessor-version":[{"id":2106,"href":"https:\/\/festimalles.fr\/index.php\/wp-json\/wp\/v2\/pages\/1393\/revisions\/2106"}],"wp:attachment":[{"href":"https:\/\/festimalles.fr\/index.php\/wp-json\/wp\/v2\/media?parent=1393"}],"curies":[{"name":"wp","href":"https:\/\/api.w.org\/{rel}","templated":true}]}}