{"id":1406,"date":"2022-04-12T15:53:05","date_gmt":"2022-04-12T13:53:05","guid":{"rendered":"http:\/\/festimalles.fr\/?page_id=1406"},"modified":"2024-07-10T17:38:27","modified_gmt":"2024-07-10T15:38:27","slug":"ateliers-intergenerationnels-2022","status":"publish","type":"page","link":"https:\/\/festimalles.fr\/index.php\/ateliers-intergenerationnels-2022\/","title":{"rendered":"Ateliers interg\u00e9n\u00e9rationnels"},"content":{"rendered":"<h4 style=\"text-align: left;\"><strong>Mercredi 2 Octobre 2024 &#8211; De 14h30 \u00e0 16h30<\/strong><\/h4>\n<p>Ateliers \u00e0 destinations les enfants des centres de loisirs environnants et de quelques adultes.<\/p>\n<hr>\n<p><strong><img loading=\"lazy\" decoding=\"async\" class=\" wp-image-1966 alignleft\" src=\"http:\/\/festimalles.fr\/wp-content\/uploads\/2024\/03\/la-main-a-la-page-300x300.jpg\" alt=\"\" width=\"205\" height=\"205\" srcset=\"https:\/\/festimalles.fr\/wp-content\/uploads\/2024\/03\/la-main-a-la-page-300x300.jpg 300w, https:\/\/festimalles.fr\/wp-content\/uploads\/2024\/03\/la-main-a-la-page-1024x1024.jpg 1024w, https:\/\/festimalles.fr\/wp-content\/uploads\/2024\/03\/la-main-a-la-page-150x150.jpg 150w, https:\/\/festimalles.fr\/wp-content\/uploads\/2024\/03\/la-main-a-la-page-768x768.jpg 768w, https:\/\/festimalles.fr\/wp-content\/uploads\/2024\/03\/la-main-a-la-page-1536x1536.jpg 1536w, https:\/\/festimalles.fr\/wp-content\/uploads\/2024\/03\/la-main-a-la-page-2048x2048.jpg 2048w\" sizes=\"auto, (max-width: 205px) 100vw, 205px\" \/>La Main \u00e0 la Page par Aude Marie<\/strong><br \/>\nUn atelier pour fabriquer et relier son carnet avec des papiers fantaisie recycl\u00e9s. Choisissez vos motifs pr\u00e9f\u00e9r\u00e9s, personnalisez votre couverture et vos feuilles, pliez, reliez, et le tour est jou\u00e9. Petits mots ou grands secrets, il ne reste plus qu&rsquo;\u00e0 noircir votre ouvrage !<\/p>\n<p><a href=\"https:\/\/www.la-charte.fr\/repertoire\/marie-aude\/\" target=\"_blank\" rel=\"noopener\">En savoir +<\/a><\/p>\n<p>&nbsp;<\/p>\n<p>&nbsp;<\/p>\n<hr>\n<p><strong><img loading=\"lazy\" decoding=\"async\" class=\" wp-image-2006 alignleft\" src=\"http:\/\/festimalles.fr\/wp-content\/uploads\/2024\/05\/IMG_1683-225x300.jpg\" alt=\"\" width=\"158\" height=\"211\" srcset=\"https:\/\/festimalles.fr\/wp-content\/uploads\/2024\/05\/IMG_1683-225x300.jpg 225w, https:\/\/festimalles.fr\/wp-content\/uploads\/2024\/05\/IMG_1683-768x1024.jpg 768w, https:\/\/festimalles.fr\/wp-content\/uploads\/2024\/05\/IMG_1683-1152x1536.jpg 1152w, https:\/\/festimalles.fr\/wp-content\/uploads\/2024\/05\/IMG_1683-1536x2048.jpg 1536w, https:\/\/festimalles.fr\/wp-content\/uploads\/2024\/05\/IMG_1683-scaled.jpg 1920w\" sizes=\"auto, (max-width: 158px) 100vw, 158px\" \/>Atelier Livre Leporello : Une nuit \u00e0 Insect&rsquo;H\u00f4tel par Claire Schvartz<\/strong><br \/>\nEn utilisant des mots-cl\u00e9s al\u00e9atoires, vous \u00e9crirez et dessinerez une courte histoire permettant \u00e0 votre personnage de \u00ab\u00a0Traverser la nuit\u00a0\u00bb avec la technique du leporello (livre accord\u00e9on).<\/p>\n<p><a href=\"http:\/\/claireschvartz.free.fr\/\" target=\"_blank\" rel=\"noopener\">En savoir +<\/a><\/p>\n<p>&nbsp;<\/p>\n<p>&nbsp;<\/p>\n<p>&nbsp;<\/p>\n<hr>\n<p><strong><img loading=\"lazy\" decoding=\"async\" class=\" wp-image-1975 alignleft\" src=\"http:\/\/festimalles.fr\/wp-content\/uploads\/2024\/03\/20220510_104636-min-300x169.jpg\" alt=\"\" width=\"266\" height=\"150\" srcset=\"https:\/\/festimalles.fr\/wp-content\/uploads\/2024\/03\/20220510_104636-min-300x169.jpg 300w, https:\/\/festimalles.fr\/wp-content\/uploads\/2024\/03\/20220510_104636-min-1024x576.jpg 1024w, https:\/\/festimalles.fr\/wp-content\/uploads\/2024\/03\/20220510_104636-min-768x432.jpg 768w, https:\/\/festimalles.fr\/wp-content\/uploads\/2024\/03\/20220510_104636-min-1536x864.jpg 1536w, https:\/\/festimalles.fr\/wp-content\/uploads\/2024\/03\/20220510_104636-min-2048x1152.jpg 2048w, https:\/\/festimalles.fr\/wp-content\/uploads\/2024\/03\/20220510_104636-min-1140x641.jpg 1140w, https:\/\/festimalles.fr\/wp-content\/uploads\/2024\/03\/20220510_104636-min-540x304.jpg 540w\" sizes=\"auto, (max-width: 266px) 100vw, 266px\" \/>Bruiter un album jeunesse par La Pause Go\u00fbter &#8211; Damien Fourcot<\/strong><br \/>\nLe collectif \u00ab La pause go\u00fbter \u00bb vous propose d\u2019entrer dans l\u2019univers de l\u2019adaptation sonore pour le podcast. En partant d\u2019un court ouvrage jeunesse dont le texte est d\u00e9j\u00e0 enregistr\u00e9, les participants r\u00e9fl\u00e9chiront \u00e0 la mise en son de l\u2019ouvrage et r\u00e9aliseront la narration sonore. D\u00e9tournement d\u2019objets, bruitage \u00e0 la bouche, solo ou collectifs\u2026 un atelier de \u00ab sound design artisanal \u00bb ouvert \u00e0 tous.<\/p>\n<p><a href=\"https:\/\/lapausegouter.wixsite.com\/ecoute\" target=\"_blank\" rel=\"noopener\">En savoir +<\/a><\/p>\n<hr>\n<p><strong><img loading=\"lazy\" decoding=\"async\" class=\" wp-image-1953 alignleft\" src=\"http:\/\/festimalles.fr\/wp-content\/uploads\/2024\/03\/oracle_julia-220x300.jpg\" alt=\"\" width=\"161\" height=\"220\" srcset=\"https:\/\/festimalles.fr\/wp-content\/uploads\/2024\/03\/oracle_julia-220x300.jpg 220w, https:\/\/festimalles.fr\/wp-content\/uploads\/2024\/03\/oracle_julia-750x1024.jpg 750w, https:\/\/festimalles.fr\/wp-content\/uploads\/2024\/03\/oracle_julia-768x1049.jpg 768w, https:\/\/festimalles.fr\/wp-content\/uploads\/2024\/03\/oracle_julia-1124x1536.jpg 1124w, https:\/\/festimalles.fr\/wp-content\/uploads\/2024\/03\/oracle_julia.jpg 1164w\" sizes=\"auto, (max-width: 161px) 100vw, 161px\" \/>Oracle illustr\u00e9 par Julia Wauters<\/strong><br \/>\nAvec des techniques d\u2019impressions rudimentaires, pochoirs, s\u00e9rigraphies, tampons et photocopieuse, on imaginera ensemble un oracle fantasque et po\u00e9tiques, les cartes et bien s\u00fbr leurs lexiques. Aucunes comp\u00e9tences divinatoires requises, sceptiques plus que bienvenus ! Un test du jeu finira l\u2019atelier en beaut\u00e9 !<\/p>\n<p><a href=\"http:\/\/juliawauters.tumblr.com\" target=\"_blank\" rel=\"noopener\">En savoir +<\/a><\/p>\n<p>&nbsp;<\/p>\n<p>&nbsp;<\/p>\n<p>&nbsp;<\/p>\n<hr>\n<p><strong><img loading=\"lazy\" decoding=\"async\" class=\" wp-image-1964 alignleft\" src=\"http:\/\/festimalles.fr\/wp-content\/uploads\/2024\/03\/flip-book-min-225x300.jpg\" alt=\"\" width=\"164\" height=\"219\" srcset=\"https:\/\/festimalles.fr\/wp-content\/uploads\/2024\/03\/flip-book-min-225x300.jpg 225w, https:\/\/festimalles.fr\/wp-content\/uploads\/2024\/03\/flip-book-min-768x1024.jpg 768w, https:\/\/festimalles.fr\/wp-content\/uploads\/2024\/03\/flip-book-min-1152x1536.jpg 1152w, https:\/\/festimalles.fr\/wp-content\/uploads\/2024\/03\/flip-book-min-1536x2048.jpg 1536w, https:\/\/festimalles.fr\/wp-content\/uploads\/2024\/03\/flip-book-min-scaled.jpg 1920w\" sizes=\"auto, (max-width: 164px) 100vw, 164px\" \/>Flip book par Kelig Hayel<\/strong><\/p>\n<p>Le FLIP BOOK est un petit carnet agraf\u00e9 que l&rsquo;on tient d&rsquo;une main et qui s&rsquo;effeuille de l&rsquo;autre avec le pouce. Les images qu&rsquo;il contient donnent l&rsquo;illusion d&rsquo;\u00eatre ainsi anim\u00e9es plus ou moins rapidement selon la vitesse \u00e0 laquelle on le manipule. Kelig Hayel propose de r\u00e9aliser en 25 feuillets l&rsquo;\u00e9criture d&rsquo;une forme ou d&rsquo;un mot \u00e0 partir d&rsquo;un trait de crayon et d&rsquo;une r\u00e8gle pochoirs alphabets.<\/p>\n<p><a href=\"https:\/\/kelig-hayel.blogspot.com\" target=\"_blank\" rel=\"noopener\">En savoir +<\/a><\/p>\n<p>&nbsp;<\/p>\n<p>&nbsp;<\/p>\n<hr>\n<p><strong><img loading=\"lazy\" decoding=\"async\" class=\" wp-image-1962 alignleft\" src=\"http:\/\/festimalles.fr\/wp-content\/uploads\/2024\/03\/2-Paysage-de-letre-atelier-pour-LOeil-du-monde-le-lieu-Unique-Nantes-2023-min-300x252.jpg\" alt=\"\" width=\"221\" height=\"186\" srcset=\"https:\/\/festimalles.fr\/wp-content\/uploads\/2024\/03\/2-Paysage-de-letre-atelier-pour-LOeil-du-monde-le-lieu-Unique-Nantes-2023-min-300x252.jpg 300w, https:\/\/festimalles.fr\/wp-content\/uploads\/2024\/03\/2-Paysage-de-letre-atelier-pour-LOeil-du-monde-le-lieu-Unique-Nantes-2023-min-1024x860.jpg 1024w, https:\/\/festimalles.fr\/wp-content\/uploads\/2024\/03\/2-Paysage-de-letre-atelier-pour-LOeil-du-monde-le-lieu-Unique-Nantes-2023-min-768x645.jpg 768w, https:\/\/festimalles.fr\/wp-content\/uploads\/2024\/03\/2-Paysage-de-letre-atelier-pour-LOeil-du-monde-le-lieu-Unique-Nantes-2023-min-1536x1291.jpg 1536w, https:\/\/festimalles.fr\/wp-content\/uploads\/2024\/03\/2-Paysage-de-letre-atelier-pour-LOeil-du-monde-le-lieu-Unique-Nantes-2023-min-2048x1721.jpg 2048w\" sizes=\"auto, (max-width: 221px) 100vw, 221px\" \/>La fabrique des \u00e9critures imaginaires par Sarah Orumchi<\/strong><br \/>\n\u00ab La fabrique des \u00e9critures imaginaires \u00bb propose un temps pour se reconnecter et se rencontrer avec travers nos \u00e9critures manuscrites. Dessiner avec des calames, des plumes, des pinceaux et composer des signes, inventer un langage pour raconter des histoires d\u2019\u00e9critures graphiques, po\u00e9tiques et collectives. L\u2019id\u00e9e est d\u2019arriver \u00e0 une fluidit\u00e9 du geste pour capter l\u2019essence du rythme singulier de chacun.e.<\/p>\n<p><a href=\"https:\/\/www.sarahorumchi.com\/\" target=\"_blank\" rel=\"noopener\">En savoir +<\/a><\/p>\n<p>&nbsp;<\/p>\n<hr>\n<p><strong><img loading=\"lazy\" decoding=\"async\" class=\" wp-image-1958 alignleft\" src=\"http:\/\/festimalles.fr\/wp-content\/uploads\/2024\/03\/N55A3226-min-300x200.jpg\" alt=\"\" width=\"231\" height=\"154\" srcset=\"https:\/\/festimalles.fr\/wp-content\/uploads\/2024\/03\/N55A3226-min-300x200.jpg 300w, https:\/\/festimalles.fr\/wp-content\/uploads\/2024\/03\/N55A3226-min-1024x683.jpg 1024w, https:\/\/festimalles.fr\/wp-content\/uploads\/2024\/03\/N55A3226-min-768x512.jpg 768w, https:\/\/festimalles.fr\/wp-content\/uploads\/2024\/03\/N55A3226-min-1536x1024.jpg 1536w, https:\/\/festimalles.fr\/wp-content\/uploads\/2024\/03\/N55A3226-min-2048x1365.jpg 2048w\" sizes=\"auto, (max-width: 231px) 100vw, 231px\" \/>Stylo, flow et audio par S\u00e9bastien Delaunay<\/strong><br \/>\nAtelier d\u2019\u00e9criture autour du slam-po\u00e9sie-rap. L\u2019objectif est de cr\u00e9er des textes de 6 \u00e0 8 pieds sur 4 \u00e0 16 phrases, ce qu\u2019on appelle un 16 en rap, autour d\u2019une th\u00e9matique choisie.<br \/>\nSensibilisation \u00e0 la Musique Assist\u00e9e par Ordinateur avec l\u2019utilisation du logiciel professionnel \u00ab&nbsp;Ableton&nbsp;\u00bb. Utilisation des contr\u00f4leurs (claviers, boite \u00e0 rythme) pour composer et piloter le logiciel.<br \/>\nEnregistrement des voix sur le texte \u00e9crit et sur la musique compos\u00e9e ensemble, via un studio mobile. L<span lang=\"fr-FR\">a finalit\u00e9 du projet<\/span> est d<span lang=\"fr-FR\">e cr\u00e9er une chanson ensemble<\/span> de A \u00e0 Z.<\/p>\n<p><a href=\"https:\/\/www.kontrat-dixion.net\/\" target=\"_blank\" rel=\"noopener\">En savoir +<\/a><\/p>\n","protected":false},"excerpt":{"rendered":"<p>Mercredi 2 Octobre 2024 &#8211; De 14h30 \u00e0 16h30 Ateliers \u00e0 destinations les enfants des centres de loisirs environnants et de quelques adultes. La Main \u00e0 la Page par Aude Marie Un atelier pour fabriquer et relier son carnet avec des papiers fantaisie recycl\u00e9s. Choisissez vos motifs pr\u00e9f\u00e9r\u00e9s, personnalisez votre couverture et vos feuilles, pliez,&hellip;<\/p>\n","protected":false},"author":1,"featured_media":0,"parent":0,"menu_order":0,"comment_status":"closed","ping_status":"closed","template":"","meta":{"ngg_post_thumbnail":0,"footnotes":""},"class_list":["post-1406","page","type-page","status-publish","hentry"],"_links":{"self":[{"href":"https:\/\/festimalles.fr\/index.php\/wp-json\/wp\/v2\/pages\/1406","targetHints":{"allow":["GET"]}}],"collection":[{"href":"https:\/\/festimalles.fr\/index.php\/wp-json\/wp\/v2\/pages"}],"about":[{"href":"https:\/\/festimalles.fr\/index.php\/wp-json\/wp\/v2\/types\/page"}],"author":[{"embeddable":true,"href":"https:\/\/festimalles.fr\/index.php\/wp-json\/wp\/v2\/users\/1"}],"replies":[{"embeddable":true,"href":"https:\/\/festimalles.fr\/index.php\/wp-json\/wp\/v2\/comments?post=1406"}],"version-history":[{"count":22,"href":"https:\/\/festimalles.fr\/index.php\/wp-json\/wp\/v2\/pages\/1406\/revisions"}],"predecessor-version":[{"id":2114,"href":"https:\/\/festimalles.fr\/index.php\/wp-json\/wp\/v2\/pages\/1406\/revisions\/2114"}],"wp:attachment":[{"href":"https:\/\/festimalles.fr\/index.php\/wp-json\/wp\/v2\/media?parent=1406"}],"curies":[{"name":"wp","href":"https:\/\/api.w.org\/{rel}","templated":true}]}}