{"id":1409,"date":"2022-04-12T15:54:29","date_gmt":"2022-04-12T13:54:29","guid":{"rendered":"http:\/\/festimalles.fr\/?page_id=1409"},"modified":"2024-07-05T14:26:56","modified_gmt":"2024-07-05T12:26:56","slug":"ateliers-petite-enfance-2022","status":"publish","type":"page","link":"https:\/\/festimalles.fr\/index.php\/ateliers-petite-enfance-2022\/","title":{"rendered":"Ateliers petite enfance"},"content":{"rendered":"<h4 style=\"text-align: left;\"><strong>Mercredi 2 Octobre 2024 &#8211; matin<\/strong><\/h4>\n<p>Des ateliers pour les assistantes maternelles et les 0-3 ans du Relais Petite Enfance d&rsquo;Or\u00e9e-d&rsquo;Anjou.<\/p>\n<p>Inscription aupr\u00e8s du Relais Petite Enfance d&rsquo;Or\u00e9e d&rsquo;Anjou.<\/p>\n<hr>\n<p><strong><img loading=\"lazy\" decoding=\"async\" class=\" wp-image-1998 alignleft\" src=\"http:\/\/festimalles.fr\/wp-content\/uploads\/2024\/05\/olivia-le-divelec-300x184.jpeg\" alt=\"\" width=\"279\" height=\"171\" srcset=\"https:\/\/festimalles.fr\/wp-content\/uploads\/2024\/05\/olivia-le-divelec-300x184.jpeg 300w, https:\/\/festimalles.fr\/wp-content\/uploads\/2024\/05\/olivia-le-divelec-1024x629.jpeg 1024w, https:\/\/festimalles.fr\/wp-content\/uploads\/2024\/05\/olivia-le-divelec-768x472.jpeg 768w, https:\/\/festimalles.fr\/wp-content\/uploads\/2024\/05\/olivia-le-divelec-1536x944.jpeg 1536w, https:\/\/festimalles.fr\/wp-content\/uploads\/2024\/05\/olivia-le-divelec.jpeg 1981w\" sizes=\"auto, (max-width: 279px) 100vw, 279px\" \/>Emusigne par 10 doigts compagnie &#8211; Olivia Le divelec<br \/>\n9h30-10h15 puis 10h45-11h30<br \/>\n<\/strong>Olivia Le divelec com\u00e9dienne bilingue fran\u00e7ais et langue des signes et maman d\u2019enfant sourde propose une sensibilisation \u00e0 la langue des signes par le jeu et par des albums jeunesse.<br \/>\nAvec l&rsquo;imagier des \u00e9motions (Monsieur et Madame L\u2019Emu dans tous leurs \u00e9tats) ce sera plut\u00f4t une visite des \u00e9motions en un mot, en un signe, une illustration !<br \/>\nAvec l\u2019album pour-tout petits (Pomme, pomme, pomme) ce sera un temps de r\u00e9cit mim\u00e9 et sign\u00e9 tous et toutes ensemble.<br \/>\nAlors de l&rsquo;illustration au mot-personnage signe au mot-lettre quel voyage ferons-nous&nbsp;?<\/p>\n<p><a href=\"https:\/\/www.10doigtscompagnie.com\/\" target=\"_blank\" rel=\"noopener\">En savoir +<\/a><\/p>\n<hr>\n<p><strong><img loading=\"lazy\" decoding=\"async\" class=\" wp-image-1978 alignleft\" src=\"http:\/\/festimalles.fr\/wp-content\/uploads\/2024\/03\/les-animaux-de-la-Ferme-1-296x300.jpg\" alt=\"\" width=\"228\" height=\"230\" srcset=\"https:\/\/festimalles.fr\/wp-content\/uploads\/2024\/03\/les-animaux-de-la-Ferme-1-296x300.jpg 296w, https:\/\/festimalles.fr\/wp-content\/uploads\/2024\/03\/les-animaux-de-la-Ferme-1-150x150.jpg 150w, https:\/\/festimalles.fr\/wp-content\/uploads\/2024\/03\/les-animaux-de-la-Ferme-1-768x777.jpg 768w, https:\/\/festimalles.fr\/wp-content\/uploads\/2024\/03\/les-animaux-de-la-Ferme-1.jpg 838w\" sizes=\"auto, (max-width: 228px) 100vw, 228px\" \/>Animation Raconte tablier sur les animaux de la ferme par Petite Feuille &#8211; Estelle Rousseau<br \/>\n9h30-10h15 puis 10h45-11h30<\/strong><br \/>\nAnimation autour des albums pour les jeunes enfants. L&rsquo;album est lu et parfois cont\u00e9 \u00e0 l&rsquo;aide d&rsquo;un tablier ou d&rsquo;un cube \u00e0 histoire. Ainsi, nous y d\u00e9couvrirons les animaux de la ferme et quelques surprises sonores !<\/p>\n<p><a href=\"https:\/\/petite-feuille.fr\/\" target=\"_blank\" rel=\"noopener\">En savoir +<\/a><\/p>\n<p>&nbsp;<\/p>\n<p>&nbsp;<\/p>\n<p>&nbsp;<\/p>\n<p>&nbsp;<\/p>\n<hr>\n<p><strong><img loading=\"lazy\" decoding=\"async\" class=\" wp-image-2009 alignleft\" src=\"http:\/\/festimalles.fr\/wp-content\/uploads\/2024\/05\/IMG_20210607_110723-300x169.jpg\" alt=\"\" width=\"233\" height=\"131\" srcset=\"https:\/\/festimalles.fr\/wp-content\/uploads\/2024\/05\/IMG_20210607_110723-300x169.jpg 300w, https:\/\/festimalles.fr\/wp-content\/uploads\/2024\/05\/IMG_20210607_110723-1024x576.jpg 1024w, https:\/\/festimalles.fr\/wp-content\/uploads\/2024\/05\/IMG_20210607_110723-768x432.jpg 768w, https:\/\/festimalles.fr\/wp-content\/uploads\/2024\/05\/IMG_20210607_110723-1536x864.jpg 1536w, https:\/\/festimalles.fr\/wp-content\/uploads\/2024\/05\/IMG_20210607_110723-2048x1152.jpg 2048w, https:\/\/festimalles.fr\/wp-content\/uploads\/2024\/05\/IMG_20210607_110723-1140x641.jpg 1140w, https:\/\/festimalles.fr\/wp-content\/uploads\/2024\/05\/IMG_20210607_110723-540x304.jpg 540w\" sizes=\"auto, (max-width: 233px) 100vw, 233px\" \/>Les 5 sens en \u00e9veil dans la nature par l&rsquo;association La Turmeli\u00e8re et Lire et Faire Lire<br \/>\n10h45-11h30<\/strong><br \/>\nAu cours d&rsquo;une balade sensorielle dans le parc de la Turmeli\u00e8re, les participants d\u00e9couvriront des courtes histoires autour de la nature.<\/p>\n","protected":false},"excerpt":{"rendered":"<p>Mercredi 2 Octobre 2024 &#8211; matin Des ateliers pour les assistantes maternelles et les 0-3 ans du Relais Petite Enfance d&rsquo;Or\u00e9e-d&rsquo;Anjou. Inscription aupr\u00e8s du Relais Petite Enfance d&rsquo;Or\u00e9e d&rsquo;Anjou. Emusigne par 10 doigts compagnie &#8211; Olivia Le divelec 9h30-10h15 puis 10h45-11h30 Olivia Le divelec com\u00e9dienne bilingue fran\u00e7ais et langue des signes et maman d\u2019enfant sourde&hellip;<\/p>\n","protected":false},"author":1,"featured_media":0,"parent":0,"menu_order":0,"comment_status":"closed","ping_status":"closed","template":"","meta":{"ngg_post_thumbnail":0,"footnotes":""},"class_list":["post-1409","page","type-page","status-publish","hentry"],"_links":{"self":[{"href":"https:\/\/festimalles.fr\/index.php\/wp-json\/wp\/v2\/pages\/1409","targetHints":{"allow":["GET"]}}],"collection":[{"href":"https:\/\/festimalles.fr\/index.php\/wp-json\/wp\/v2\/pages"}],"about":[{"href":"https:\/\/festimalles.fr\/index.php\/wp-json\/wp\/v2\/types\/page"}],"author":[{"embeddable":true,"href":"https:\/\/festimalles.fr\/index.php\/wp-json\/wp\/v2\/users\/1"}],"replies":[{"embeddable":true,"href":"https:\/\/festimalles.fr\/index.php\/wp-json\/wp\/v2\/comments?post=1409"}],"version-history":[{"count":14,"href":"https:\/\/festimalles.fr\/index.php\/wp-json\/wp\/v2\/pages\/1409\/revisions"}],"predecessor-version":[{"id":2111,"href":"https:\/\/festimalles.fr\/index.php\/wp-json\/wp\/v2\/pages\/1409\/revisions\/2111"}],"wp:attachment":[{"href":"https:\/\/festimalles.fr\/index.php\/wp-json\/wp\/v2\/media?parent=1409"}],"curies":[{"name":"wp","href":"https:\/\/api.w.org\/{rel}","templated":true}]}}