{"id":149,"date":"2020-04-01T19:36:53","date_gmt":"2020-04-01T17:36:53","guid":{"rendered":"http:\/\/festimalles.fr\/?page_id=149"},"modified":"2020-09-15T10:08:00","modified_gmt":"2020-09-15T08:08:00","slug":"conference-et-lectures","status":"publish","type":"page","link":"https:\/\/festimalles.fr\/index.php\/programme\/conference-et-lectures\/","title":{"rendered":"Lectures et Conf\u00e9rence"},"content":{"rendered":"\n<h2 class=\"has-text-align-center wp-block-heading\">Vendredi matin <\/h2>\n\n\n\n<hr class=\"wp-block-separator\"\/>\n\n\n\n<p class=\"has-text-align-center\">De 9h30 \u00e0 10h30<\/p>\n\n\n\n<hr class=\"wp-block-separator\"\/>\n\n\n\n<div class=\"wp-block-media-text alignwide\" style=\"grid-template-columns:45% auto\"><figure class=\"wp-block-media-text__media\"><img decoding=\"async\" src=\"http:\/\/festimalles.fr\/wp-content\/uploads\/2020\/04\/Visuel-Lectures-1024x869.jpg\" alt=\"\" class=\"wp-image-749\"\/><\/figure><div class=\"wp-block-media-text__content\">\n<p class=\"has-vivid-cyan-blue-color has-text-color\" style=\"font-size:15px\"><em>Lectures de Marie-Jo Coulon et Pascale Pautrat<\/em><\/p>\n\n\n\n<p class=\"has-small-font-size\">Deux lectrices passionn\u00e9es vous proposent un choix subjectif d&rsquo;une trentaine d&rsquo;auteur.e.s fran\u00e7ais et \u00e9trangers qui parlent de lecture, de ses plaisirs et ses difficult\u00e9s.<br>Vous les entendrez de fa\u00e7on al\u00e9atoire.<br><\/p>\n<\/div><\/div>\n\n\n\n<hr class=\"wp-block-separator\"\/>\n\n\n\n<p class=\"has-text-align-center\">De 10h30 \u00e0 12h30<\/p>\n\n\n\n<hr class=\"wp-block-separator\"\/>\n\n\n\n<div class=\"wp-block-media-text alignwide\" style=\"grid-template-columns:45% auto\"><figure class=\"wp-block-media-text__media\"><img loading=\"lazy\" decoding=\"async\" width=\"1024\" height=\"768\" src=\"http:\/\/festimalles.fr\/wp-content\/uploads\/2020\/04\/Visuel-Claude-Poissenot-1024x768.jpg\" alt=\"\" class=\"wp-image-327\" srcset=\"https:\/\/festimalles.fr\/wp-content\/uploads\/2020\/04\/Visuel-Claude-Poissenot-1024x768.jpg 1024w, https:\/\/festimalles.fr\/wp-content\/uploads\/2020\/04\/Visuel-Claude-Poissenot-300x225.jpg 300w, https:\/\/festimalles.fr\/wp-content\/uploads\/2020\/04\/Visuel-Claude-Poissenot-768x576.jpg 768w, https:\/\/festimalles.fr\/wp-content\/uploads\/2020\/04\/Visuel-Claude-Poissenot-1536x1152.jpg 1536w, https:\/\/festimalles.fr\/wp-content\/uploads\/2020\/04\/Visuel-Claude-Poissenot-120x90.jpg 120w, https:\/\/festimalles.fr\/wp-content\/uploads\/2020\/04\/Visuel-Claude-Poissenot.jpg 1600w\" sizes=\"auto, (max-width: 1024px) 100vw, 1024px\" \/><\/figure><div class=\"wp-block-media-text__content\">\n<p class=\"has-vivid-cyan-blue-color has-text-color\" style=\"font-size:15px\"><em>Conf\u00e9rence de Claude Poissenot  \u00a0\u00bb S&rsquo;engager dans la lecture aujourd&rsquo;hui \u00ab\u00a0<\/em><\/p>\n\n\n\n<p class=\"has-small-font-size\">La lecture et l\u2019engagement ont ceci de commun qu\u2019ils reposent sur&nbsp; une mobilisation personnelle. Face aux limites de l&rsquo;injonction institutionnelle \u00e0 la lecture, la n\u00e9cessit\u00e9 de r\u00e9fl\u00e9chir cet engagement&nbsp;&nbsp; prend&nbsp; tout son sens. Cette implication d\u00e9pend grandement de la&nbsp; construction d&rsquo;une relation de confiance entre les diff\u00e9rents acteurs,&nbsp; les lecteurs, le livre et les m\u00e9diateurs..<\/p>\n\n\n\n<p class=\"has-small-font-size\">Claude Poissenot est un sociologue, ma\u00eetre de conf\u00e9rences \u00e0 l&rsquo;Universit\u00e9 de Lorraine, sp\u00e9cialiste de la sociologie des lieux de lecture publique<\/p>\n\n\n\n<p class=\"has-small-font-size\"><em><strong><a href=\"http:\/\/crem.univ-lorraine.fr\/poissenot-claude\" target=\"_blank\" rel=\"noreferrer noopener\" aria-label=\" (s\u2019ouvre dans un nouvel onglet)\">Claude Poissenot <\/a><\/strong><\/em><\/p>\n<\/div><\/div>\n\n\n\n<hr class=\"wp-block-separator\"\/>\n\n\n\n<p><\/p>\n","protected":false},"excerpt":{"rendered":"<p>Vendredi matin De 9h30 \u00e0 10h30 Lectures de Marie-Jo Coulon et Pascale Pautrat Deux lectrices passionn\u00e9es vous proposent un choix subjectif d&rsquo;une trentaine d&rsquo;auteur.e.s fran\u00e7ais et \u00e9trangers qui parlent de lecture, de ses plaisirs et ses difficult\u00e9s.Vous les entendrez de fa\u00e7on al\u00e9atoire. De 10h30 \u00e0 12h30 Conf\u00e9rence de Claude Poissenot \u00a0\u00bb S&rsquo;engager dans la lecture&hellip;<\/p>\n","protected":false},"author":1,"featured_media":0,"parent":52,"menu_order":0,"comment_status":"closed","ping_status":"closed","template":"","meta":{"ngg_post_thumbnail":0,"footnotes":""},"class_list":["post-149","page","type-page","status-publish","hentry"],"_links":{"self":[{"href":"https:\/\/festimalles.fr\/index.php\/wp-json\/wp\/v2\/pages\/149","targetHints":{"allow":["GET"]}}],"collection":[{"href":"https:\/\/festimalles.fr\/index.php\/wp-json\/wp\/v2\/pages"}],"about":[{"href":"https:\/\/festimalles.fr\/index.php\/wp-json\/wp\/v2\/types\/page"}],"author":[{"embeddable":true,"href":"https:\/\/festimalles.fr\/index.php\/wp-json\/wp\/v2\/users\/1"}],"replies":[{"embeddable":true,"href":"https:\/\/festimalles.fr\/index.php\/wp-json\/wp\/v2\/comments?post=149"}],"version-history":[{"count":17,"href":"https:\/\/festimalles.fr\/index.php\/wp-json\/wp\/v2\/pages\/149\/revisions"}],"predecessor-version":[{"id":1315,"href":"https:\/\/festimalles.fr\/index.php\/wp-json\/wp\/v2\/pages\/149\/revisions\/1315"}],"up":[{"embeddable":true,"href":"https:\/\/festimalles.fr\/index.php\/wp-json\/wp\/v2\/pages\/52"}],"wp:attachment":[{"href":"https:\/\/festimalles.fr\/index.php\/wp-json\/wp\/v2\/media?parent=149"}],"curies":[{"name":"wp","href":"https:\/\/api.w.org\/{rel}","templated":true}]}}