{"id":197,"date":"2020-04-07T15:24:37","date_gmt":"2020-04-07T13:24:37","guid":{"rendered":"http:\/\/festimalles.fr\/?page_id=197"},"modified":"2026-04-10T17:31:24","modified_gmt":"2026-04-10T15:31:24","slug":"editions-precedentes-de-festimalles","status":"publish","type":"page","link":"https:\/\/festimalles.fr\/","title":{"rendered":"Bienvenue \u00e0 Festi&rsquo;Malles !"},"content":{"rendered":"\r\n\r\n\r\n<h2 class=\"has-text-align-center wp-block-heading\">La prochaine \u00e9dition se d\u00e9roulera <br>en octobre 2026 !<\/h2>\r\n\r\n<p>&nbsp;<\/p>\r\n\r\n<p>Festi\u2019Malles, c\u2019est un \u00e9v\u00e9nement gratuit pour les animateurs, intervenants sociaux, enseignants, biblioth\u00e9caires, m\u00e9diateurs du livre, salari\u00e9s ou b\u00e9n\u00e9voles&#8230; mais aussi pour le tout public.<\/p>\r\n<ul class=\"wp-block-social-links\">\r\n<li style=\"list-style-type: none;\">\r\n<ul class=\"wp-block-social-links\"><!-- \/wp:post-content -->\r\n\r\n<!-- wp:paragraph {\"style\":{\"typography\":{\"fontSize\":17}}} --><\/ul>\r\n<\/li>\r\n<\/ul>\r\n<p>C\u2019est un temps de d\u00e9couvertes, de r\u00e9flexions, de partages et de rencontres sur les pratiques d\u2019animations en lecture et \u00e9criture pour faire conna\u00eetre et valoriser les diff\u00e9rents outils d\u2019animation lecture des Pays-de-la-Loire.<\/p>\r\n<p>Festi&rsquo;Malles est organis\u00e9 par l&rsquo;Association la Turmeli\u00e8re, avec la participation de la DRAC Pays-de-la-Loire, la DRAJES, le d\u00e9partement Loire Atlantique, le Bibliop\u00f4le 49, Sc\u00e8nes de Pays, la COMPA, Or\u00e9e d&rsquo;Anjou, de la Fondation Cr\u00e9dit Mutuel pour la Lecture et de la SOFIA.<\/p>\r\n<div style=\"text-align: center;\">\r\n<div style=\"margin: 8px 0px 4px;\">&nbsp;<\/div>\r\n<div style=\"margin: 4px 0px 8px;\">&nbsp;<\/div>\r\n<p class=\"has-vivid-cyan-blue-color has-text-color\" style=\"font-size: 18px;\"><strong>Ouverture des inscriptions en ligne : en mai 2026 !<br><\/strong><\/p>\r\n<p><strong>Le programme indiqu\u00e9 dans les nglets est celui de 2024, encore un peu de patience ! \ud83d\ude42<\/strong><\/p>\r\n<ul class=\"wp-block-social-links\">\r\n<li style=\"list-style-type: none;\">\r\n<ul class=\"wp-block-social-links\"><!-- \/wp:paragraph -->\r\n\r\n<!-- wp:paragraph {\"style\":{\"typography\":{\"fontSize\":17}}} --><\/ul>\r\n<\/li>\r\n<\/ul>\r\n<p>INFO : Les places pour les ateliers seront limit\u00e9es !<\/p>\r\n<div class=\"wp-block-spacer\" aria-hidden=\"true\">\r\n<div class=\"wp-block-spacer\" aria-hidden=\"true\">&nbsp;<\/div>\r\n<p><!-- \/wp:paragraph -->\r\n\r\n<!-- wp:separator --><\/p>\r\n<hr class=\"wp-block-separator\">\r\n<p><!-- \/wp:separator -->\r\n\r\n<!-- wp:paragraph {\"textColor\":\"vivid-cyan-blue\"} --><\/p>\r\n<p class=\"has-vivid-cyan-blue-color has-text-color\"><strong>Retour en images sur Festi&rsquo;Malles 2024<\/strong><\/p>\r\nngg_shortcode_0_placeholder\r\n<p style=\"text-align: left;\">Photos : Hugues Rollin<\/p>\r\n<\/div>\r\n<p><!-- \/wp:paragraph -->\r\n\r\n<!-- wp:separator --><\/p>\r\n<hr class=\"wp-block-separator\">\r\n<p><!-- \/wp:separator -->\r\n\r\n<!-- wp:paragraph {\"textColor\":\"vivid-cyan-blue\"} --><\/p>\r\n<p class=\"has-vivid-cyan-blue-color has-text-color\"><strong>Retour en images sur Festi&rsquo;Malles 2022<\/strong><\/p>\r\nngg_shortcode_1_placeholder\r\n<p style=\"text-align: left;\">Photos\/vid\u00e9o : Naomi Arbert<\/p>\r\n<p>&nbsp;<\/p>\r\n<p><iframe loading=\"lazy\" title=\"YouTube video player\" src=\"https:\/\/www.youtube.com\/embed\/qkOwfw9qU1s\" width=\"560\" height=\"315\" frameborder=\"0\" allowfullscreen=\"allowfullscreen\"><\/iframe><\/p>\r\n<p>&nbsp;<\/p>\r\n<div class=\"wp-block-spacer\" aria-hidden=\"true\">&nbsp;<\/div>\r\n<p><!-- \/wp:paragraph -->\r\n\r\n<!-- wp:separator --><\/p>\r\n<p><!-- \/wp:separator -->\r\n\r\n<!-- wp:paragraph {\"textColor\":\"vivid-cyan-blue\"} --><\/p>\r\n<hr class=\"wp-block-separator\">\r\n<ul class=\"wp-block-social-links\">\r\n<li style=\"list-style-type: none;\">\r\n<ul class=\"wp-block-social-links\"><!-- \/wp:paragraph --><\/ul>\r\n<\/li>\r\n<\/ul>\r\n<p>&nbsp;<\/p>\r\n<ul class=\"wp-block-social-links\">\r\n<li style=\"list-style-type: none;\">\r\n<ul class=\"wp-block-social-links\"><!-- wp:paragraph {\"textColor\":\"vivid-cyan-blue\"} --><\/ul>\r\n<\/li>\r\n<\/ul>\r\n<p class=\"has-vivid-cyan-blue-color has-text-color\"><strong>Retour en vid\u00e9o sur Festi&rsquo;Malles 2018<\/strong><\/p>\r\n<ul class=\"wp-block-social-links\">\r\n<li style=\"list-style-type: none;\">\r\n<ul class=\"wp-block-social-links\"><!-- \/wp:paragraph --><\/ul>\r\n<\/li>\r\n<\/ul>\r\n<p>&nbsp;<\/p>\r\n<ul class=\"wp-block-social-links\">\r\n<li style=\"list-style-type: none;\">\r\n<ul class=\"wp-block-social-links\"><!-- wp:spacer {\"height\":\"20px\"} --><\/ul>\r\n<\/li>\r\n<\/ul>\r\n<div class=\"wp-block-spacer\" style=\"height: 20px;\" aria-hidden=\"true\">&nbsp;<\/div>\r\n<ul class=\"wp-block-social-links\">\r\n<li style=\"list-style-type: none;\">\r\n<ul class=\"wp-block-social-links\"><!-- \/wp:spacer --><\/ul>\r\n<\/li>\r\n<\/ul>\r\n<p>&nbsp;<\/p>\r\n<ul class=\"wp-block-social-links\">\r\n<li style=\"list-style-type: none;\">\r\n<ul class=\"wp-block-social-links\"><!-- wp:video {\"id\":484,\"align\":\"center\"} --><\/ul>\r\n<\/li>\r\n<\/ul>\r\n<figure class=\"wp-block-video aligncenter\"><video src=\"http:\/\/festimalles.fr\/wp-content\/uploads\/2020\/04\/festimalles.mp4\" loop=\"loop\" controls=\"controls\" width=\"300\" height=\"150\"><\/video><\/figure>\r\n<\/div>","protected":false},"excerpt":{"rendered":"<p>La prochaine \u00e9dition se d\u00e9roulera en octobre 2026 ! &nbsp; Festi\u2019Malles, c\u2019est un \u00e9v\u00e9nement gratuit pour les animateurs, intervenants sociaux, enseignants, biblioth\u00e9caires, m\u00e9diateurs du livre, salari\u00e9s ou b\u00e9n\u00e9voles&#8230; mais aussi pour le tout public. C\u2019est un temps de d\u00e9couvertes, de r\u00e9flexions, de partages et de rencontres sur les pratiques d\u2019animations en lecture et \u00e9criture pour&hellip;<\/p>\n","protected":false},"author":1,"featured_media":0,"parent":0,"menu_order":0,"comment_status":"closed","ping_status":"closed","template":"","meta":{"ngg_post_thumbnail":0,"footnotes":""},"class_list":["post-197","page","type-page","status-publish","hentry"],"_links":{"self":[{"href":"https:\/\/festimalles.fr\/index.php\/wp-json\/wp\/v2\/pages\/197","targetHints":{"allow":["GET"]}}],"collection":[{"href":"https:\/\/festimalles.fr\/index.php\/wp-json\/wp\/v2\/pages"}],"about":[{"href":"https:\/\/festimalles.fr\/index.php\/wp-json\/wp\/v2\/types\/page"}],"author":[{"embeddable":true,"href":"https:\/\/festimalles.fr\/index.php\/wp-json\/wp\/v2\/users\/1"}],"replies":[{"embeddable":true,"href":"https:\/\/festimalles.fr\/index.php\/wp-json\/wp\/v2\/comments?post=197"}],"version-history":[{"count":152,"href":"https:\/\/festimalles.fr\/index.php\/wp-json\/wp\/v2\/pages\/197\/revisions"}],"predecessor-version":[{"id":2179,"href":"https:\/\/festimalles.fr\/index.php\/wp-json\/wp\/v2\/pages\/197\/revisions\/2179"}],"wp:attachment":[{"href":"https:\/\/festimalles.fr\/index.php\/wp-json\/wp\/v2\/media?parent=197"}],"curies":[{"name":"wp","href":"https:\/\/api.w.org\/{rel}","templated":true}]}}