{"id":2060,"date":"2024-05-28T15:59:56","date_gmt":"2024-05-28T13:59:56","guid":{"rendered":"http:\/\/festimalles.fr\/?page_id=2060"},"modified":"2024-06-28T10:54:24","modified_gmt":"2024-06-28T08:54:24","slug":"ateliers-tout-public","status":"publish","type":"page","link":"https:\/\/festimalles.fr\/index.php\/ateliers-tout-public\/","title":{"rendered":"Ateliers tout public"},"content":{"rendered":"<h4><strong>Mercredi 2 octobre 17h-19h<\/strong><\/h4>\n<p>Venez d\u00e9couvrir les cr\u00e9ations des \u00e9coles d\u2019Or\u00e9e d\u2019Anjou, visiter les <a href=\"http:\/\/festimalles.fr\/index.php\/les-expositions-2024\/\" target=\"_blank\" rel=\"noopener\">expositions<\/a> du festival, \u00e9couter des histoires pour les plus jeunes (Lire et faire Lire), jouer avec les mots et exp\u00e9rimenter deux attractions litt\u00e9raires fascinantes ! Tout public.<\/p>\n<p>Sur le stand librairie vous pourrez aussi rencontrer l&rsquo;auteur jeunesse\/ado <a href=\"https:\/\/www.tristan-pichard.fr\/\" target=\"_blank\" rel=\"noopener\">Tristan Pichard<\/a>.<\/p>\n<p>&nbsp;<\/p>\n<p><span style=\"color: #ff6600;\">En pr\u00e9sence de deux attractions litt\u00e9raires du LIVRODROME :<\/span> <span dir=\"ltr\" role=\"presentation\"><img loading=\"lazy\" decoding=\"async\" class=\"size-medium wp-image-2036 alignright\" src=\"http:\/\/festimalles.fr\/wp-content\/uploads\/2024\/05\/Cabinet-de-voyance-c-Ernest-Timor-300x200.jpg\" alt=\"\" width=\"300\" height=\"200\" srcset=\"https:\/\/festimalles.fr\/wp-content\/uploads\/2024\/05\/Cabinet-de-voyance-c-Ernest-Timor-300x200.jpg 300w, https:\/\/festimalles.fr\/wp-content\/uploads\/2024\/05\/Cabinet-de-voyance-c-Ernest-Timor-1024x684.jpg 1024w, https:\/\/festimalles.fr\/wp-content\/uploads\/2024\/05\/Cabinet-de-voyance-c-Ernest-Timor-768x513.jpg 768w, https:\/\/festimalles.fr\/wp-content\/uploads\/2024\/05\/Cabinet-de-voyance-c-Ernest-Timor-1536x1025.jpg 1536w, https:\/\/festimalles.fr\/wp-content\/uploads\/2024\/05\/Cabinet-de-voyance-c-Ernest-Timor.jpg 1600w\" sizes=\"auto, (max-width: 300px) 100vw, 300px\" \/><\/span><br \/>\n&#8211; <strong>Le caviardage express<\/strong> : <span dir=\"ltr\" role=\"presentation\"> Imagin\u00e9 par Fabienne Yvert \u00e0 partir des exp\u00e9riences de Lucien Suel, ce jeu litt\u00e9raire consiste, \u00e0 <\/span><span dir=\"ltr\" role=\"presentation\">partir d\u2019un texte existant, \u00e0 isoler les mots d\u2019un texte pour lui donner un nouveau sens : le v\u00f4tre ! Dessins, hachures, <\/span><span dir=\"ltr\" role=\"presentation\">s\u00e9lections, tous les moyens sont bons pour d\u00e9construire et r\u00e9\u00e9crire !<\/span><br \/>\n&#8211; <strong>La cabine d\u2019ordonnance litt\u00e9raire<\/strong> : <span dir=\"ltr\" role=\"presentation\">B\u00e9n\u00e9<\/span><span class=\"markedContent\"><span dir=\"ltr\" role=\"presentation\">fi<\/span><\/span><span dir=\"ltr\" role=\"presentation\">cier d\u2019une consultation litt\u00e9raire in\u00e9dite avec un auteur, un libraire, un biblioth\u00e9caire, un enseignant de fran\u00e7ais, <\/span><span dir=\"ltr\" role=\"presentation\">un professeur-documentaliste pour se faire prescrire le livre ou l\u2019album qui est fait pour soi, c\u2019est ce que propose la <\/span><span dir=\"ltr\" role=\"presentation\">Cabine d\u2019ordonnances litt\u00e9raires.<\/span><\/p>\n<p><a href=\"https:\/\/livrodrome.com\/\" target=\"_blank\" rel=\"noopener\">livrodrome.com<\/a><\/p>\n","protected":false},"excerpt":{"rendered":"<p>Mercredi 2 octobre 17h-19h Venez d\u00e9couvrir les cr\u00e9ations des \u00e9coles d\u2019Or\u00e9e d\u2019Anjou, visiter les expositions du festival, \u00e9couter des histoires pour les plus jeunes (Lire et faire Lire), jouer avec les mots et exp\u00e9rimenter deux attractions litt\u00e9raires fascinantes ! Tout public. Sur le stand librairie vous pourrez aussi rencontrer l&rsquo;auteur jeunesse\/ado Tristan Pichard. &nbsp; En&hellip;<\/p>\n","protected":false},"author":1,"featured_media":0,"parent":0,"menu_order":0,"comment_status":"closed","ping_status":"closed","template":"","meta":{"ngg_post_thumbnail":0,"footnotes":""},"class_list":["post-2060","page","type-page","status-publish","hentry"],"_links":{"self":[{"href":"https:\/\/festimalles.fr\/index.php\/wp-json\/wp\/v2\/pages\/2060","targetHints":{"allow":["GET"]}}],"collection":[{"href":"https:\/\/festimalles.fr\/index.php\/wp-json\/wp\/v2\/pages"}],"about":[{"href":"https:\/\/festimalles.fr\/index.php\/wp-json\/wp\/v2\/types\/page"}],"author":[{"embeddable":true,"href":"https:\/\/festimalles.fr\/index.php\/wp-json\/wp\/v2\/users\/1"}],"replies":[{"embeddable":true,"href":"https:\/\/festimalles.fr\/index.php\/wp-json\/wp\/v2\/comments?post=2060"}],"version-history":[{"count":9,"href":"https:\/\/festimalles.fr\/index.php\/wp-json\/wp\/v2\/pages\/2060\/revisions"}],"predecessor-version":[{"id":2108,"href":"https:\/\/festimalles.fr\/index.php\/wp-json\/wp\/v2\/pages\/2060\/revisions\/2108"}],"wp:attachment":[{"href":"https:\/\/festimalles.fr\/index.php\/wp-json\/wp\/v2\/media?parent=2060"}],"curies":[{"name":"wp","href":"https:\/\/api.w.org\/{rel}","templated":true}]}}