{"id":39,"date":"2020-03-12T16:32:26","date_gmt":"2020-03-12T15:32:26","guid":{"rendered":"http:\/\/festimalles.fr\/?page_id=39"},"modified":"2024-05-28T16:28:41","modified_gmt":"2024-05-28T14:28:41","slug":"les-soirees","status":"publish","type":"page","link":"https:\/\/festimalles.fr\/index.php\/les-soirees\/","title":{"rendered":"Les soir\u00e9es"},"content":{"rendered":"\r\n<h4><strong>Mercredi 2 octobre 2024 : <\/strong><\/h4>\r\n<p>&nbsp;<\/p>\r\n<h4><strong>Balade de lectures mouvement\u00e9es de 19h \u00e0 20h30<\/strong><\/h4>\r\n<div id=\"attachment_2080\" style=\"width: 310px\" class=\"wp-caption alignright\"><img loading=\"lazy\" decoding=\"async\" aria-describedby=\"caption-attachment-2080\" class=\"wp-image-2080 size-medium\" src=\"http:\/\/festimalles.fr\/wp-content\/uploads\/2024\/05\/Caravane-2016-300x200.jpg\" alt=\"\" width=\"300\" height=\"200\" srcset=\"https:\/\/festimalles.fr\/wp-content\/uploads\/2024\/05\/Caravane-2016-300x200.jpg 300w, https:\/\/festimalles.fr\/wp-content\/uploads\/2024\/05\/Caravane-2016-768x513.jpg 768w, https:\/\/festimalles.fr\/wp-content\/uploads\/2024\/05\/Caravane-2016.jpg 800w\" sizes=\"auto, (max-width: 300px) 100vw, 300px\" \/><p id=\"caption-attachment-2080\" class=\"wp-caption-text\">Caravane de lecture &#8211; Festi&rsquo;Malles 2016<\/p><\/div>\r\n<h4><strong>&nbsp;<\/strong><\/h4>\r\n<p>\u00c9chauffez votre voix comme vos mollets, les membres du comit\u00e9 de pilotage de Festi\u2019Malles et l\u2019\u00e9quipe de la Turmeli\u00e8re vous entra\u00eenent dans une balade sportive et litt\u00e9raire dans le parc.<br>Simple spectateur ou bien lecteur ? Venez avec un texte \u00e0 partager sur le th\u00e8me du mouvement.<\/p>\r\n<p>GRATUIT sur r\u00e9servation : <a href=\"mailto:contact@festimalles.fr\">contact@festimalles.fr<\/a><\/p>\r\n<p>&nbsp;<\/p>\r\n<p>&nbsp;<\/p>\r\n<p>&nbsp;<\/p>\r\n<h4><strong>Soir\u00e9e jeux \u00e0 partir de 20h30<\/strong><img loading=\"lazy\" decoding=\"async\" class=\" wp-image-2055 alignright\" src=\"http:\/\/festimalles.fr\/wp-content\/uploads\/2024\/05\/De-Niche-Logo-oiseau--194x300.png\" alt=\"\" width=\"108\" height=\"167\" srcset=\"https:\/\/festimalles.fr\/wp-content\/uploads\/2024\/05\/De-Niche-Logo-oiseau--194x300.png 194w, https:\/\/festimalles.fr\/wp-content\/uploads\/2024\/05\/De-Niche-Logo-oiseau--663x1024.png 663w, https:\/\/festimalles.fr\/wp-content\/uploads\/2024\/05\/De-Niche-Logo-oiseau-.png 758w\" sizes=\"auto, (max-width: 108px) 100vw, 108px\" \/><\/h4>\r\n<p>D\u00e9couvrez une s\u00e9lection de jeux de soci\u00e9t\u00e9 autour des mots et de l&rsquo;imaginaire. Fous-rires assur\u00e9s !<\/p>\r\n<p>Anim\u00e9 par Anne M\u00e9nard, ludicaire du D\u00e9 Nich\u00e9<\/p>\r\n<p>Paniers-repas sur r\u00e9servation (11\u20ac)<\/p>\r\n<p>&nbsp;<\/p>\r\n<hr class=\"wp-block-separator\">\r\n<h4><strong>Jeudi 3 octobre 2024 : Spectacle \u00e0 20h30<br><\/strong><\/h4>\r\n<p>&nbsp;<\/p>\r\n<p><strong><img loading=\"lazy\" decoding=\"async\" class=\"size-medium wp-image-2014 alignleft\" src=\"http:\/\/festimalles.fr\/wp-content\/uploads\/2024\/05\/poiesis25-redim-300x226.jpg\" alt=\"\" width=\"300\" height=\"226\" srcset=\"https:\/\/festimalles.fr\/wp-content\/uploads\/2024\/05\/poiesis25-redim-300x226.jpg 300w, https:\/\/festimalles.fr\/wp-content\/uploads\/2024\/05\/poiesis25-redim-1024x773.jpg 1024w, https:\/\/festimalles.fr\/wp-content\/uploads\/2024\/05\/poiesis25-redim-768x580.jpg 768w, https:\/\/festimalles.fr\/wp-content\/uploads\/2024\/05\/poiesis25-redim-1536x1159.jpg 1536w, https:\/\/festimalles.fr\/wp-content\/uploads\/2024\/05\/poiesis25-redim-2048x1546.jpg 2048w, https:\/\/festimalles.fr\/wp-content\/uploads\/2024\/05\/poiesis25-redim-120x90.jpg 120w\" sizes=\"auto, (max-width: 300px) 100vw, 300px\" \/>[PO\u00cd\u0112SIS] IRRUPTION PO\u00c9TIQUE<\/strong><br>par Les arpenteurs de l\u2019invisible<\/p>\r\n<p>Faire r\u00e9sonner la po\u00e9sie dans notre quotidien, c\u2019est le d\u00e9fi que se sont lanc\u00e9s les arpenteurs de l\u2019invisible. Investissant l\u2019espace de leurs mouvements et de leurs mots, les deux com\u00e9diens donnent \u00e0 entendre po\u00e9tesses et po\u00e8tes de toutes les \u00e9poques et de toutes les cultures, comme une invitation \u00e0 d\u00e9caler nos regards sur le monde qui nous entoure et notre relation aux autres. Un spectacle interactif, dynamique et sensible pour faire ressentir la po\u00e9sie dans sa pulsation et sa musicalit\u00e9.<\/p>\r\n<p>&nbsp;<\/p>\r\n<p><em>Conception : Florian Goetz, Jordan Sajous et J\u00e9r\u00e9mie Sonntag \/ Textes : Po\u00e9tesses et po\u00e8tes du 16 e au 21 e si\u00e8cle \/ Mise en sc\u00e8ne : J\u00e9r\u00e9mie Sonntag et Florian Goetz \/ Interpr\u00e9tation : Florian Goetz et Jordan Sajous<\/em><\/p>\r\n<p>&nbsp;<\/p>\r\n<p>En partenariat avec <a href=\"https:\/\/www.scenesdepays.fr\/\" target=\"_blank\" rel=\"noopener\">Sc\u00e8nes de Pays<\/a><\/p>\r\n<p>&nbsp;<\/p>\r\n<p style=\"font-weight: 400;\">&nbsp;<\/p>\r\n","protected":false},"excerpt":{"rendered":"<p>Mercredi 2 octobre 2024 : &nbsp; Balade de lectures mouvement\u00e9es de 19h \u00e0 20h30 &nbsp; \u00c9chauffez votre voix comme vos mollets, les membres du comit\u00e9 de pilotage de Festi\u2019Malles et l\u2019\u00e9quipe de la Turmeli\u00e8re vous entra\u00eenent dans une balade sportive et litt\u00e9raire dans le parc.Simple spectateur ou bien lecteur ? Venez avec un texte \u00e0&hellip;<\/p>\n","protected":false},"author":1,"featured_media":0,"parent":0,"menu_order":0,"comment_status":"closed","ping_status":"closed","template":"","meta":{"ngg_post_thumbnail":0,"footnotes":""},"class_list":["post-39","page","type-page","status-publish","hentry"],"_links":{"self":[{"href":"https:\/\/festimalles.fr\/index.php\/wp-json\/wp\/v2\/pages\/39","targetHints":{"allow":["GET"]}}],"collection":[{"href":"https:\/\/festimalles.fr\/index.php\/wp-json\/wp\/v2\/pages"}],"about":[{"href":"https:\/\/festimalles.fr\/index.php\/wp-json\/wp\/v2\/types\/page"}],"author":[{"embeddable":true,"href":"https:\/\/festimalles.fr\/index.php\/wp-json\/wp\/v2\/users\/1"}],"replies":[{"embeddable":true,"href":"https:\/\/festimalles.fr\/index.php\/wp-json\/wp\/v2\/comments?post=39"}],"version-history":[{"count":62,"href":"https:\/\/festimalles.fr\/index.php\/wp-json\/wp\/v2\/pages\/39\/revisions"}],"predecessor-version":[{"id":2081,"href":"https:\/\/festimalles.fr\/index.php\/wp-json\/wp\/v2\/pages\/39\/revisions\/2081"}],"wp:attachment":[{"href":"https:\/\/festimalles.fr\/index.php\/wp-json\/wp\/v2\/media?parent=39"}],"curies":[{"name":"wp","href":"https:\/\/api.w.org\/{rel}","templated":true}]}}